{"id":51,"date":"2023-01-14T17:43:40","date_gmt":"2023-01-14T17:43:40","guid":{"rendered":"https:\/\/vakantiehuisnunspeet.eu\/?page_id=51"},"modified":"2023-08-12T17:49:29","modified_gmt":"2023-08-12T17:49:29","slug":"locatie-van-de-huisjes","status":"publish","type":"page","link":"https:\/\/vakantiehuisnunspeet.eu\/index.php\/locatie-van-de-huisjes\/","title":{"rendered":"Locatie van de chalets\/Standort der Chalets"},"content":{"rendered":"\n<p><em>Deutsche Text unter den Bildern<\/em><\/p>\n\n\n\n<p>Onze chalets staan op vakantiepark &#8216;Familiehuis Nunspeet&#8217;. Direct aan het Veluwemeer. Onze chalets hebben nr. 71 en 84 en staan direct aan de grote vijver. De locatie is te zien op de plattegrond van het park. <\/p>\n\n\n\n<p class=\"has-pale-cyan-blue-background-color has-background\"><strong>Het vakantiepark<\/strong>: &nbsp;&nbsp;&nbsp;&nbsp;&nbsp;<\/p>\n\n\n\n<p>&nbsp;&nbsp;&nbsp;&nbsp;&nbsp;&nbsp;&nbsp;&nbsp;&nbsp;&nbsp;&nbsp;&nbsp;&nbsp;&nbsp;&nbsp;&nbsp;&nbsp;&nbsp;&nbsp;&nbsp;&nbsp;&nbsp;&nbsp;&nbsp;&nbsp;&nbsp;&nbsp;&nbsp;&nbsp;&nbsp;&nbsp;&nbsp;&nbsp;&nbsp; *&nbsp;&nbsp;&nbsp;&nbsp;&nbsp;&nbsp;&nbsp;&nbsp;&nbsp; Is het hele jaar geopend;<\/p>\n\n\n\n<p>&nbsp;&nbsp;&nbsp;&nbsp;&nbsp;&nbsp;&nbsp;&nbsp;&nbsp;&nbsp;&nbsp;&nbsp;&nbsp;&nbsp;&nbsp;&nbsp;&nbsp;&nbsp;&nbsp;&nbsp;&nbsp;&nbsp;&nbsp;&nbsp;&nbsp;&nbsp;&nbsp;&nbsp;&nbsp;&nbsp;&nbsp;&nbsp;&nbsp;&nbsp; * &nbsp;&nbsp;&nbsp;&nbsp;&nbsp;&nbsp;&nbsp;&nbsp; Heeft een eigen strand aan het Veluwemeer;<\/p>\n\n\n\n<p>&nbsp;&nbsp;&nbsp;&nbsp;&nbsp;&nbsp;&nbsp;&nbsp;&nbsp;&nbsp;&nbsp;&nbsp;&nbsp;&nbsp;&nbsp;&nbsp;&nbsp;&nbsp;&nbsp;&nbsp;&nbsp;&nbsp;&nbsp;&nbsp;&nbsp;&nbsp;&nbsp;&nbsp;&nbsp;&nbsp;&nbsp;&nbsp;&nbsp;&nbsp; *&nbsp;&nbsp;&nbsp; &nbsp;&nbsp;&nbsp;&nbsp;&nbsp; Heeft een wandelbos en is afgegrensd door de Bijsselse beek;<\/p>\n\n\n\n<p>&nbsp;&nbsp;&nbsp;&nbsp;&nbsp;&nbsp;&nbsp;&nbsp;&nbsp;&nbsp;&nbsp;&nbsp;&nbsp;&nbsp;&nbsp;&nbsp;&nbsp;&nbsp;&nbsp;&nbsp;&nbsp;&nbsp;&nbsp;&nbsp;&nbsp;&nbsp;&nbsp;&nbsp;&nbsp;&nbsp;&nbsp;&nbsp;&nbsp;&nbsp; *&nbsp;&nbsp;&nbsp;&nbsp;&nbsp;&nbsp;&nbsp;&nbsp;&nbsp; Heeft in de meeste vakanties een animatieteam;<\/p>\n\n\n\n<p>&nbsp;&nbsp;&nbsp;&nbsp;&nbsp;&nbsp;&nbsp;&nbsp;&nbsp;&nbsp;&nbsp;&nbsp;&nbsp;&nbsp;&nbsp;&nbsp;&nbsp;&nbsp;&nbsp;&nbsp;&nbsp;&nbsp;&nbsp;&nbsp;&nbsp;&nbsp;&nbsp;&nbsp;&nbsp;&nbsp;&nbsp;&nbsp;&nbsp;&nbsp; *&nbsp;&nbsp;&nbsp;&nbsp;&nbsp;&nbsp;&nbsp;&nbsp;&nbsp; Is goed onderhouden;<\/p>\n\n\n\n<p class=\"has-text-align-right\">\u00a0\u00a0\u00a0\u00a0\u00a0\u00a0\u00a0\u00a0\u00a0\u00a0\u00a0\u00a0\u00a0\u00a0\u00a0\u00a0\u00a0\u00a0\u00a0\u00a0\u00a0\u00a0\u00a0\u00a0\u00a0\u00a0\u00a0\u00a0\u00a0\u00a0\u00a0\u00a0\u00a0\u00a0 *\u00a0\u00a0\u00a0\u00a0\u00a0\u00a0\u00a0\u00a0\u00a0Hecht aan zondagsrust. Dit houdt in dat er geen in- en uitcheck-mogelijkheden op                                  zondag zijn en er geen georganiseerde \u00a0activiteiten op zondag zijn.<\/p>\n\n\n\n<p>&nbsp;&nbsp;&nbsp;&nbsp;&nbsp;&nbsp;&nbsp;&nbsp;&nbsp;&nbsp;&nbsp;&nbsp;&nbsp;&nbsp;&nbsp;&nbsp;&nbsp;&nbsp;&nbsp;&nbsp;&nbsp;&nbsp;&nbsp;&nbsp;&nbsp;&nbsp;&nbsp;&nbsp;&nbsp;&nbsp;&nbsp;&nbsp;&nbsp;&nbsp; *&nbsp;&nbsp;&nbsp;&nbsp;&nbsp;&nbsp;&nbsp;&nbsp;&nbsp; Is vuurwerkvrij.<\/p>\n\n\n\n<p class=\"has-pale-cyan-blue-background-color has-background\"><strong>Faciliteiten&nbsp;&nbsp;<\/strong>op het park<\/p>\n\n\n\n<ul class=\"wp-block-list\">\n<li>Springkussen&nbsp;&nbsp;&nbsp;&nbsp;&nbsp;&nbsp;&nbsp;&nbsp;&nbsp;&nbsp;&nbsp;&nbsp;&nbsp;&nbsp;  *&nbsp;&nbsp;&nbsp; Broodjes service<\/li>\n\n\n\n<li>Voetbalkooi&nbsp;&nbsp;&nbsp;&nbsp;&nbsp;&nbsp;&nbsp;&nbsp;&nbsp;&nbsp;&nbsp;&nbsp;&nbsp;&nbsp;      *&nbsp;&nbsp;&nbsp; Verhuur boten<\/li>\n\n\n\n<li>Beachvolleybal&nbsp;&nbsp;&nbsp;&nbsp;&nbsp;&nbsp;&nbsp;&nbsp;&nbsp;&nbsp;&nbsp;  *&nbsp;&nbsp;&nbsp; Verhuur skelters<\/li>\n\n\n\n<li>Jeu de Boulesbaan&nbsp;&nbsp;&nbsp;&nbsp;&nbsp; *&nbsp;&nbsp;&nbsp; Verhuur fietsen<\/li>\n\n\n\n<li>Tafelvoetbal&nbsp;&nbsp;&nbsp;&nbsp;&nbsp;&nbsp;&nbsp;&nbsp;&nbsp;&nbsp;&nbsp;&nbsp;&nbsp;&nbsp;&nbsp;    *&nbsp;&nbsp;&nbsp; Wasserette met droger<\/li>\n\n\n\n<li>Tafeltennis&nbsp;&nbsp;&nbsp;&nbsp;&nbsp;&nbsp;&nbsp;&nbsp;&nbsp;&nbsp;&nbsp;&nbsp;&nbsp;&nbsp;&nbsp;&nbsp;&nbsp;    *&nbsp;&nbsp;&nbsp; Snackbar<\/li>\n<\/ul>\n\n\n\n<div class=\"wp-block-cover aligncenter is-light\" style=\"min-height:100vh;aspect-ratio:unset;\"><span aria-hidden=\"true\" class=\"wp-block-cover__background has-background-dim\"><\/span><div class=\"wp-block-cover__inner-container is-layout-flow wp-block-cover-is-layout-flow\">\n<pre class=\"wp-block-code has-black-color has-text-color has-small-font-size\"><code><\/code><\/pre>\n\n\n\n<figure class=\"wp-block-image size-large is-resized\"><img loading=\"lazy\" decoding=\"async\" src=\"https:\/\/vakantiehuisnunspeet.eu\/wp-content\/uploads\/2023\/01\/image-3-1024x726.png\" alt=\"\" class=\"wp-image-47\" style=\"width:820px;height:581px\" width=\"820\" height=\"581\"\/><\/figure>\n<\/div><\/div>\n\n\n\n<figure class=\"wp-block-image size-large is-resized\"><img loading=\"lazy\" decoding=\"async\" src=\"https:\/\/vakantiehuisnunspeet.eu\/wp-content\/uploads\/2023\/01\/IMG_9260-1024x683.jpg\" alt=\"\" class=\"wp-image-79\" style=\"width:512px;height:342px\" width=\"512\" height=\"342\" srcset=\"https:\/\/vakantiehuisnunspeet.eu\/wp-content\/uploads\/2023\/01\/IMG_9260-1024x683.jpg 1024w, https:\/\/vakantiehuisnunspeet.eu\/wp-content\/uploads\/2023\/01\/IMG_9260-300x200.jpg 300w, https:\/\/vakantiehuisnunspeet.eu\/wp-content\/uploads\/2023\/01\/IMG_9260-768x512.jpg 768w, https:\/\/vakantiehuisnunspeet.eu\/wp-content\/uploads\/2023\/01\/IMG_9260-1536x1024.jpg 1536w, https:\/\/vakantiehuisnunspeet.eu\/wp-content\/uploads\/2023\/01\/IMG_9260-2048x1365.jpg 2048w\" sizes=\"auto, (max-width: 512px) 100vw, 512px\" \/><\/figure>\n\n\n\n<figure class=\"wp-block-image size-large is-resized\"><img loading=\"lazy\" decoding=\"async\" src=\"https:\/\/vakantiehuisnunspeet.eu\/wp-content\/uploads\/2023\/01\/IMG_0560-2-819x1024.jpg\" alt=\"\" class=\"wp-image-86\" style=\"width:397px;height:496px\" width=\"397\" height=\"496\" srcset=\"https:\/\/vakantiehuisnunspeet.eu\/wp-content\/uploads\/2023\/01\/IMG_0560-2-819x1024.jpg 819w, https:\/\/vakantiehuisnunspeet.eu\/wp-content\/uploads\/2023\/01\/IMG_0560-2-240x300.jpg 240w, https:\/\/vakantiehuisnunspeet.eu\/wp-content\/uploads\/2023\/01\/IMG_0560-2-768x960.jpg 768w, https:\/\/vakantiehuisnunspeet.eu\/wp-content\/uploads\/2023\/01\/IMG_0560-2-1228x1536.jpg 1228w, https:\/\/vakantiehuisnunspeet.eu\/wp-content\/uploads\/2023\/01\/IMG_0560-2-1638x2048.jpg 1638w, https:\/\/vakantiehuisnunspeet.eu\/wp-content\/uploads\/2023\/01\/IMG_0560-2-scaled.jpg 2047w\" sizes=\"auto, (max-width: 397px) 100vw, 397px\" \/><\/figure>\n\n\n\n<p><strong>Deutsche Text<\/strong><\/p>\n\n\n\n<p>Unsere Chalets befinden sich auf Ferienpark &#8216;Familiehuis Nunspeet&#8217;. Unsere Chalets haben die Nummer 71 und 84 und ihrer Standort ist zu sehen auf dem Plan des Parks (hieroben).<\/p>\n\n\n\n<p class=\"has-pale-cyan-blue-background-color has-background\"><strong>Das Ferienpark<\/strong>: &nbsp;&nbsp;&nbsp;&nbsp;&nbsp;<\/p>\n\n\n\n<p>&nbsp;&nbsp;&nbsp;&nbsp;&nbsp;&nbsp;&nbsp;&nbsp;&nbsp;&nbsp;&nbsp;&nbsp;&nbsp;&nbsp;&nbsp;&nbsp;&nbsp;&nbsp;&nbsp;&nbsp;&nbsp;&nbsp;&nbsp;&nbsp;&nbsp;&nbsp;&nbsp;&nbsp;&nbsp;&nbsp;&nbsp;&nbsp;&nbsp;&nbsp; *&nbsp;&nbsp;&nbsp;&nbsp;&nbsp;&nbsp;&nbsp;&nbsp;&nbsp; Ist das ganze Jahr ge\u00f6ffnet;<\/p>\n\n\n\n<p>&nbsp;&nbsp;&nbsp;&nbsp;&nbsp;&nbsp;&nbsp;&nbsp;&nbsp;&nbsp;&nbsp;&nbsp;&nbsp;&nbsp;&nbsp;&nbsp;&nbsp;&nbsp;&nbsp;&nbsp;&nbsp;&nbsp;&nbsp;&nbsp;&nbsp;&nbsp;&nbsp;&nbsp;&nbsp;&nbsp;&nbsp;&nbsp;&nbsp;&nbsp; * &nbsp;&nbsp;&nbsp;&nbsp;&nbsp;&nbsp;&nbsp;&nbsp; Hat ein eigenes Strand am Veluewesee (&#8216;Veluwemeer&#8217;);<\/p>\n\n\n\n<p>&nbsp;&nbsp;&nbsp;&nbsp;&nbsp;&nbsp;&nbsp;&nbsp;&nbsp;&nbsp;&nbsp;&nbsp;&nbsp;&nbsp;&nbsp;&nbsp;&nbsp;&nbsp;&nbsp;&nbsp;&nbsp;&nbsp;&nbsp;&nbsp;&nbsp;&nbsp;&nbsp;&nbsp;&nbsp;&nbsp;&nbsp;&nbsp;&nbsp;&nbsp; *&nbsp;&nbsp;&nbsp; &nbsp;&nbsp;&nbsp;&nbsp;&nbsp; Hat ein Wanderwalt und ist begrenst vom Bijsselse beek (Bach);<\/p>\n\n\n\n<p>&nbsp;&nbsp;&nbsp;&nbsp;&nbsp;&nbsp;&nbsp;&nbsp;&nbsp;&nbsp;&nbsp;&nbsp;&nbsp;&nbsp;&nbsp;&nbsp;&nbsp;&nbsp;&nbsp;&nbsp;&nbsp;&nbsp;&nbsp;&nbsp;&nbsp;&nbsp;&nbsp;&nbsp;&nbsp;&nbsp;&nbsp;&nbsp;&nbsp;&nbsp; *&nbsp;&nbsp;&nbsp;&nbsp;&nbsp;&nbsp;&nbsp;&nbsp;&nbsp; Hat w\u00e4herend den meisten Schulferien ain Entspannungs- und Ausbildungsteam;<\/p>\n\n\n\n<p>&nbsp;&nbsp;&nbsp;&nbsp;&nbsp;&nbsp;&nbsp;&nbsp;&nbsp;&nbsp;&nbsp;&nbsp;&nbsp;&nbsp;&nbsp;&nbsp;&nbsp;&nbsp;&nbsp;&nbsp;&nbsp;&nbsp;&nbsp;&nbsp;&nbsp;&nbsp;&nbsp;&nbsp;&nbsp;&nbsp;&nbsp;&nbsp;&nbsp;&nbsp; *&nbsp;&nbsp;&nbsp;&nbsp;&nbsp;&nbsp;&nbsp;&nbsp;&nbsp; Ist gut unterhalten;<\/p>\n\n\n\n<p class=\"has-text-align-right\">\u00a0\u00a0\u00a0\u00a0\u00a0\u00a0\u00a0\u00a0\u00a0\u00a0\u00a0\u00a0\u00a0\u00a0\u00a0\u00a0\u00a0\u00a0\u00a0\u00a0\u00a0\u00a0\u00a0\u00a0\u00a0\u00a0\u00a0\u00a0\u00a0\u00a0\u00a0\u00a0\u00a0\u00a0 *\u00a0\u00a0\u00a0\u00a0\u00a0\u00a0\u00a0\u00a0\u00a0Findet Sonntagesrushe wichtig. Das hei\u00dft dat es keine In- und Auscheckm\u00f6glichkeiten gibt am Sonntag und dat es keine organisierte Aktivit\u00e4ten am Sonntag gibt.<\/p>\n\n\n\n<p>&nbsp;&nbsp;&nbsp;&nbsp;&nbsp;&nbsp;&nbsp;&nbsp;&nbsp;&nbsp;&nbsp;&nbsp;&nbsp;&nbsp;&nbsp;&nbsp;&nbsp;&nbsp;&nbsp;&nbsp;&nbsp;&nbsp;&nbsp;&nbsp;&nbsp;&nbsp;&nbsp;&nbsp;&nbsp;&nbsp;&nbsp;&nbsp;&nbsp;&nbsp; *&nbsp;&nbsp;&nbsp;&nbsp;&nbsp;&nbsp;&nbsp;&nbsp;&nbsp; Ist Feuerwerkfrei.<\/p>\n\n\n\n<p class=\"has-pale-cyan-blue-background-color has-background\"><strong>Einrichtingen auf dem Park<\/strong><\/p>\n\n\n\n<ul class=\"wp-block-list\">\n<li>H\u00fcpfburg        &nbsp;&nbsp;&nbsp;&nbsp;&nbsp;&nbsp;&nbsp;&nbsp;&nbsp;&nbsp;&nbsp;&nbsp;&nbsp;&nbsp;  *&nbsp;&nbsp;&nbsp; Br\u00f6tchen Service<\/li>\n\n\n\n<li>Fu\u00dfballk\u00e4fig&nbsp;&nbsp;&nbsp;&nbsp;&nbsp;&nbsp;&nbsp;&nbsp;&nbsp;&nbsp;&nbsp;&nbsp;&nbsp;      *&nbsp;&nbsp;&nbsp;Vermietung von Booten<\/li>\n\n\n\n<li>Beachvolleybal&nbsp;&nbsp;&nbsp;&nbsp;&nbsp;&nbsp;&nbsp;&nbsp;&nbsp;&nbsp;&nbsp;  *&nbsp;&nbsp;&nbsp; Vermietung von Go Karts<\/li>\n\n\n\n<li>Jeu de Boulesbahn&nbsp;&nbsp;&nbsp;&nbsp;&nbsp; *&nbsp;&nbsp;&nbsp; Vermietung von Fahrr\u00e4dern<\/li>\n\n\n\n<li>Tischfu\u00dfball&nbsp;&nbsp;&nbsp;&nbsp;&nbsp;&nbsp;&nbsp;&nbsp;&nbsp;&nbsp;&nbsp;&nbsp;&nbsp;&nbsp;&nbsp;    *&nbsp;&nbsp;&nbsp; Wasserette mit Trockner (es gibt auch ein Waschmachine in Chalet 71)<\/li>\n\n\n\n<li>Tischtennis&nbsp;&nbsp;&nbsp;&nbsp;&nbsp;&nbsp;&nbsp;&nbsp;&nbsp;&nbsp;&nbsp;&nbsp;&nbsp;&nbsp;&nbsp;&nbsp;&nbsp;    *&nbsp;&nbsp;&nbsp; Snackbar<\/li>\n<\/ul>\n","protected":false},"excerpt":{"rendered":"<p>Deutsche Text unter den Bildern Onze chalets staan op vakantiepark &#8216;Familiehuis Nunspeet&#8217;. Direct aan het Veluwemeer. Onze chalets hebben nr. 71 en 84 en staan direct aan de grote vijver. De locatie is te zien op de plattegrond van het park. Het vakantiepark: &nbsp;&nbsp;&nbsp;&nbsp;&nbsp; &nbsp;&nbsp;&nbsp;&nbsp;&nbsp;&nbsp;&nbsp;&nbsp;&nbsp;&nbsp;&nbsp;&nbsp;&nbsp;&nbsp;&nbsp;&nbsp;&nbsp;&nbsp;&nbsp;&nbsp;&nbsp;&nbsp;&nbsp;&nbsp;&nbsp;&nbsp;&nbsp;&nbsp;&nbsp;&nbsp;&nbsp;&nbsp;&nbsp;&nbsp; *&nbsp;&nbsp;&nbsp;&nbsp;&nbsp;&nbsp;&nbsp;&nbsp;&nbsp; Is het hele jaar geopend; &nbsp;&nbsp;&nbsp;&nbsp;&nbsp;&nbsp;&nbsp;&nbsp;&nbsp;&nbsp;&nbsp;&nbsp;&nbsp;&nbsp;&nbsp;&nbsp;&nbsp;&nbsp;&nbsp;&nbsp;&nbsp;&nbsp;&nbsp;&nbsp;&nbsp;&nbsp;&nbsp;&nbsp;&nbsp;&nbsp;&nbsp;&nbsp;&nbsp;&nbsp; * &nbsp;&nbsp;&nbsp;&nbsp;&nbsp;&nbsp;&nbsp;&nbsp; Heeft&#8230;<\/p>\n<p class=\"more-link-wrap\"><a href=\"https:\/\/vakantiehuisnunspeet.eu\/index.php\/locatie-van-de-huisjes\/\" class=\"more-link\">Read More<span class=\"screen-reader-text\"> &ldquo;Locatie van de chalets\/Standort der Chalets&rdquo;<\/span> &raquo;<\/a><\/p>\n","protected":false},"author":1,"featured_media":0,"parent":0,"menu_order":0,"comment_status":"closed","ping_status":"closed","template":"","meta":{"footnotes":""},"class_list":["post-51","page","type-page","status-publish","hentry"],"_links":{"self":[{"href":"https:\/\/vakantiehuisnunspeet.eu\/index.php\/wp-json\/wp\/v2\/pages\/51","targetHints":{"allow":["GET"]}}],"collection":[{"href":"https:\/\/vakantiehuisnunspeet.eu\/index.php\/wp-json\/wp\/v2\/pages"}],"about":[{"href":"https:\/\/vakantiehuisnunspeet.eu\/index.php\/wp-json\/wp\/v2\/types\/page"}],"author":[{"embeddable":true,"href":"https:\/\/vakantiehuisnunspeet.eu\/index.php\/wp-json\/wp\/v2\/users\/1"}],"replies":[{"embeddable":true,"href":"https:\/\/vakantiehuisnunspeet.eu\/index.php\/wp-json\/wp\/v2\/comments?post=51"}],"version-history":[{"count":25,"href":"https:\/\/vakantiehuisnunspeet.eu\/index.php\/wp-json\/wp\/v2\/pages\/51\/revisions"}],"predecessor-version":[{"id":298,"href":"https:\/\/vakantiehuisnunspeet.eu\/index.php\/wp-json\/wp\/v2\/pages\/51\/revisions\/298"}],"wp:attachment":[{"href":"https:\/\/vakantiehuisnunspeet.eu\/index.php\/wp-json\/wp\/v2\/media?parent=51"}],"curies":[{"name":"wp","href":"https:\/\/api.w.org\/{rel}","templated":true}]}}