{"id":10,"date":"2023-01-07T21:36:12","date_gmt":"2023-01-07T21:36:12","guid":{"rendered":"https:\/\/vakantiehuisnunspeet.eu\/?page_id=10"},"modified":"2025-05-08T08:37:20","modified_gmt":"2025-05-08T08:37:20","slug":"faciliteiten","status":"publish","type":"page","link":"https:\/\/vakantiehuisnunspeet.eu\/index.php\/faciliteiten\/","title":{"rendered":"Faciliteiten\/Einrichtungen"},"content":{"rendered":"\n<p><em>Deutsche Text hierunter<\/em><\/p>\n\n\n\n<p>Onze chalets zijn onderdeel van het vakantiepark &#8216;Familiehuis Nunspeet&#8217;. De <a href=\"https:\/\/www.familiehuisnunspeet.nl\/?gclid=CLGq4rHfs9MCFesp0woddAIKKQ\" data-type=\"URL\" data-id=\"https:\/\/www.familiehuisnunspeet.nl\/?gclid=CLGq4rHfs9MCFesp0woddAIKKQ\">website <\/a>van dit park geeft veel informatie over de faciliteiten op het terrein.  De twee chalets zijn vergelijkbaar qua indeling en faciliteiten.   <\/p>\n\n\n\n<figure class=\"wp-block-image size-large\"><img decoding=\"async\" src=\"https:\/\/vakantiehuisnunspeet.eu\/wp-content\/uploads\/2023\/05\/20230505_193302-1-1024x768.jpg\" alt=\"\" class=\"wp-image-154\"\/><figcaption class=\"wp-element-caption\">chalet<\/figcaption><\/figure>\n\n\n\n<p><strong>Het chalet: \u00a0   \u00a0&#8211; <\/strong>De zes persoonschalet is ruim en van alle gemakken voorzien.<\/p>\n\n\n\n<p>&nbsp;&nbsp;&nbsp;&nbsp;&nbsp;&nbsp;&nbsp;&nbsp;&nbsp;&nbsp;&nbsp;&nbsp;&nbsp;&nbsp;&nbsp;&nbsp;&nbsp;&nbsp;&nbsp;&nbsp;&nbsp;&nbsp;&nbsp; &#8211; De slaapkamers bevinden zich aan de schaduwzijde.<\/p>\n\n\n\n<p>&nbsp;&nbsp;&nbsp;&nbsp;&nbsp;&nbsp;&nbsp;&nbsp;&nbsp;&nbsp;&nbsp;&nbsp;&nbsp;&nbsp;&nbsp;&nbsp;&nbsp;&nbsp;&nbsp;&nbsp;&nbsp;&nbsp;&nbsp; &#8211; Is rondom voorzien van horren.<\/p>\n\n\n\n<p>&nbsp;&nbsp;&nbsp;&nbsp;&nbsp;&nbsp;&nbsp;&nbsp;&nbsp;&nbsp;&nbsp;&nbsp;&nbsp;&nbsp;&nbsp;&nbsp;&nbsp;&nbsp;&nbsp;&nbsp;&nbsp;&nbsp;&nbsp; &#8211; Heeft een berging die ook voor u toegankelijk is.<\/p>\n\n\n\n<p>\u00a0\u00a0\u00a0\u00a0\u00a0\u00a0\u00a0\u00a0\u00a0\u00a0\u00a0\u00a0\u00a0\u00a0\u00a0\u00a0\u00a0\u00a0\u00a0\u00a0\u00a0\u00a0\u00a0 &#8211; Grenst aan de vijver die met een hekje rondom is afgesloten.                                                          <\/p>\n\n\n\n<p>&nbsp;&nbsp;&nbsp;&nbsp;&nbsp;&nbsp;&nbsp;&nbsp;&nbsp;&nbsp;&nbsp;&nbsp;&nbsp;&nbsp;&nbsp;&nbsp;&nbsp;&nbsp;&nbsp;&nbsp;&nbsp;&nbsp;&nbsp; &#8211; Heeft een mooie ruime tuin op het Zuidwesten. <\/p>\n\n\n\n<p>&nbsp;&nbsp;&nbsp;&nbsp;&nbsp;&nbsp;&nbsp;&nbsp;&nbsp;&nbsp;&nbsp;&nbsp;&nbsp;&nbsp;&nbsp;&nbsp;&nbsp;&nbsp;&nbsp;&nbsp;&nbsp;&nbsp;&nbsp; &#8211; Heeft een visvlonder in de tuin.<\/p>\n\n\n\n<p>&nbsp;&nbsp;&nbsp;&nbsp;&nbsp;&nbsp;&nbsp;&nbsp;&nbsp;&nbsp;&nbsp;&nbsp;&nbsp;&nbsp;&nbsp;&nbsp;&nbsp;&nbsp;&nbsp;&nbsp;&nbsp;&nbsp;&nbsp; &#8211; Heeft parkeerruimte voor \u00e9\u00e9n (chalet 84) of twee auto\u2019s (chalet 71).<\/p>\n\n\n\n<p>&nbsp;&nbsp;&nbsp;&nbsp;&nbsp;&nbsp;&nbsp;&nbsp;&nbsp;&nbsp;&nbsp;&nbsp;&nbsp;&nbsp;&nbsp;&nbsp;&nbsp;&nbsp;&nbsp;&nbsp;&nbsp;&nbsp;&nbsp; &#8211; Heeft een terras met parasol en dakplantanen (dit laatste bij chalet 71)<\/p>\n\n\n\n<p>\u00a0\u00a0\u00a0\u00a0\u00a0\u00a0\u00a0\u00a0\u00a0\u00a0\u00a0\u00a0\u00a0\u00a0\u00a0\u00a0\u00a0\u00a0\u00a0\u00a0\u00a0\u00a0\u00a0 &#8211; Heeft gratis WIFI.<\/p>\n\n\n\n<p>                        &#8211; Heeft een wasmachine in de berging bij de chalet   <\/p>\n\n\n\n<p>                        &#8211; Huisje 71 is toegankelijk voor honden<\/p>\n\n\n\n<p>                        &#8211; Huisje 71 heeft rondom het huisje een hek zodat uw hond en\/of kinderen niet weg kunnen lopen.                <\/p>\n\n\n\n<p><\/p>\n\n\n\n<figure class=\"wp-block-gallery has-nested-images columns-default is-cropped wp-block-gallery-1 is-layout-flex wp-block-gallery-is-layout-flex\">\n<figure class=\"wp-block-image size-large\"><img loading=\"lazy\" decoding=\"async\" width=\"1024\" height=\"768\" data-id=\"204\" src=\"https:\/\/vakantiehuisnunspeet.eu\/wp-content\/uploads\/2023\/06\/20230617_1108160-002-1024x768.jpg\" alt=\"\" class=\"wp-image-204\" srcset=\"https:\/\/vakantiehuisnunspeet.eu\/wp-content\/uploads\/2023\/06\/20230617_1108160-002-1024x768.jpg 1024w, https:\/\/vakantiehuisnunspeet.eu\/wp-content\/uploads\/2023\/06\/20230617_1108160-002-300x225.jpg 300w, https:\/\/vakantiehuisnunspeet.eu\/wp-content\/uploads\/2023\/06\/20230617_1108160-002-768x576.jpg 768w, https:\/\/vakantiehuisnunspeet.eu\/wp-content\/uploads\/2023\/06\/20230617_1108160-002-1536x1152.jpg 1536w, https:\/\/vakantiehuisnunspeet.eu\/wp-content\/uploads\/2023\/06\/20230617_1108160-002-rotated.jpg 2000w\" sizes=\"auto, (max-width: 1024px) 100vw, 1024px\" \/><figcaption class=\"wp-element-caption\">woonkamer<\/figcaption><\/figure>\n\n\n\n<figure class=\"wp-block-image size-large\"><img loading=\"lazy\" decoding=\"async\" width=\"819\" height=\"1024\" data-id=\"86\" src=\"https:\/\/vakantiehuisnunspeet.eu\/wp-content\/uploads\/2023\/01\/IMG_0560-2-819x1024.jpg\" alt=\"\" class=\"wp-image-86\" srcset=\"https:\/\/vakantiehuisnunspeet.eu\/wp-content\/uploads\/2023\/01\/IMG_0560-2-819x1024.jpg 819w, https:\/\/vakantiehuisnunspeet.eu\/wp-content\/uploads\/2023\/01\/IMG_0560-2-240x300.jpg 240w, https:\/\/vakantiehuisnunspeet.eu\/wp-content\/uploads\/2023\/01\/IMG_0560-2-768x960.jpg 768w, https:\/\/vakantiehuisnunspeet.eu\/wp-content\/uploads\/2023\/01\/IMG_0560-2-1228x1536.jpg 1228w, https:\/\/vakantiehuisnunspeet.eu\/wp-content\/uploads\/2023\/01\/IMG_0560-2-1638x2048.jpg 1638w, https:\/\/vakantiehuisnunspeet.eu\/wp-content\/uploads\/2023\/01\/IMG_0560-2-scaled.jpg 2047w\" sizes=\"auto, (max-width: 819px) 100vw, 819px\" \/><figcaption class=\"wp-element-caption\">keuken<\/figcaption><\/figure>\n\n\n\n<figure class=\"wp-block-image size-large\"><img loading=\"lazy\" decoding=\"async\" width=\"1024\" height=\"768\" data-id=\"202\" src=\"https:\/\/vakantiehuisnunspeet.eu\/wp-content\/uploads\/2023\/06\/20230617_110631-002-1024x768.jpg\" alt=\"\" class=\"wp-image-202\" srcset=\"https:\/\/vakantiehuisnunspeet.eu\/wp-content\/uploads\/2023\/06\/20230617_110631-002-1024x768.jpg 1024w, https:\/\/vakantiehuisnunspeet.eu\/wp-content\/uploads\/2023\/06\/20230617_110631-002-300x225.jpg 300w, https:\/\/vakantiehuisnunspeet.eu\/wp-content\/uploads\/2023\/06\/20230617_110631-002-768x576.jpg 768w, https:\/\/vakantiehuisnunspeet.eu\/wp-content\/uploads\/2023\/06\/20230617_110631-002-1536x1152.jpg 1536w, https:\/\/vakantiehuisnunspeet.eu\/wp-content\/uploads\/2023\/06\/20230617_110631-002-rotated.jpg 2000w\" sizes=\"auto, (max-width: 1024px) 100vw, 1024px\" \/><figcaption class=\"wp-element-caption\">uitzicht<\/figcaption><\/figure>\n\n\n\n<figure class=\"wp-block-image size-large\"><img loading=\"lazy\" decoding=\"async\" width=\"1024\" height=\"683\" data-id=\"8\" src=\"https:\/\/vakantiehuisnunspeet.eu\/wp-content\/uploads\/2023\/01\/Huisje-71-1024x683.jpg\" alt=\"\" class=\"wp-image-8\" srcset=\"https:\/\/vakantiehuisnunspeet.eu\/wp-content\/uploads\/2023\/01\/Huisje-71-1024x683.jpg 1024w, https:\/\/vakantiehuisnunspeet.eu\/wp-content\/uploads\/2023\/01\/Huisje-71-300x200.jpg 300w, https:\/\/vakantiehuisnunspeet.eu\/wp-content\/uploads\/2023\/01\/Huisje-71-768x512.jpg 768w, https:\/\/vakantiehuisnunspeet.eu\/wp-content\/uploads\/2023\/01\/Huisje-71-1536x1024.jpg 1536w, https:\/\/vakantiehuisnunspeet.eu\/wp-content\/uploads\/2023\/01\/Huisje-71.jpg 1600w\" sizes=\"auto, (max-width: 1024px) 100vw, 1024px\" \/><figcaption class=\"wp-element-caption\">chalet<\/figcaption><\/figure>\n<\/figure>\n\n\n\n<p><\/p>\n\n\n\n<p><strong>De woonkamer : <\/strong><em>De sfeervolle woonkamer is voorzien van:<\/em><\/p>\n\n\n\n<ul class=\"wp-block-list\">\n<li>Een bank voor 3 \u00e0 4 personen;<\/li>\n\n\n\n<li>Twee fauteuils;<\/li>\n\n\n\n<li>Eettafel met zes stoelen;<\/li>\n\n\n\n<li>Opbergkastje;<\/li>\n\n\n\n<li>Erker;<\/li>\n\n\n\n<li>Openslaande tuindeuren.<\/li>\n<\/ul>\n\n\n\n<p><strong>De keuken : <\/strong><em>De ruime keuken is voorzien van:<\/em><\/p>\n\n\n\n<ul class=\"wp-block-list\">\n<li>Volledig inventaris;<\/li>\n\n\n\n<li>Vaatwasmachine;<\/li>\n\n\n\n<li>Combi-magnetron;<\/li>\n\n\n\n<li>Kookplaat op gas;<\/li>\n\n\n\n<li>Ruime koelkast en vrieskast met drie laden.<\/li>\n<\/ul>\n\n\n\n<p><strong>Badkamer: <\/strong><em>De ruime en praktische badkamer is voor zien van:<\/em><\/p>\n\n\n\n<ul class=\"wp-block-list\">\n<li>Ruime douche met thermostaatkraan;<\/li>\n\n\n\n<li>Toilet;<\/li>\n\n\n\n<li>Badkamermeubel met twee laden en spiegel;<\/li>\n\n\n\n<li>Voldoende ophangsystemen voor handdoeken.&nbsp;<\/li>\n<\/ul>\n\n\n\n<p><strong>1<sup>e<\/sup>&nbsp; Slaapkamer: <\/strong><em>Deze slaapkamer is voorzien van:<\/em><\/p>\n\n\n\n<ul class=\"wp-block-list\">\n<li>Twee boxspringmatrassen met dekbedden;<\/li>\n\n\n\n<li>Grote hangkast met legplanken;<\/li>\n\n\n\n<li>Twee bedlampjes en contactdozen voor o.a. wekker.<\/li>\n<\/ul>\n\n\n\n<p><strong>2<sup>e<\/sup> Slaapkamer : <\/strong><em>Deze slaapkamer is voorzien van:<\/em><\/p>\n\n\n\n<ul class=\"wp-block-list\">\n<li>Twee boxspring bedden met dekbedden;<\/li>\n\n\n\n<li>Kasten met legplanken;<\/li>\n\n\n\n<li>Twee bedlampjes en contactdozen.<em>&nbsp;<\/em><\/li>\n<\/ul>\n\n\n\n<p><strong>3<sup>e<\/sup> Slaapkamer:&nbsp; <\/strong><em>Deze slaapkamer is voorzien van:<\/em><\/p>\n\n\n\n<ul class=\"wp-block-list\">\n<li>Kruislings stapelbed;<\/li>\n\n\n\n<li>Trapje en verwijderbare zijsteun;<\/li>\n\n\n\n<li>Kasten met legplanken.<\/li>\n\n\n\n<li>Bedlampjes en contactdozen<\/li>\n<\/ul>\n\n\n\n<p><strong>Deutsche Text<\/strong><\/p>\n\n\n\n<p>Unsere Chalets geh\u00f6ren zu Ferienpark &#8216;Familiehuis Nunspeet&#8217;. Der <a href=\"https:\/\/www.familiehuisnunspeet.nl\/?gclid=CLGq4rHfs9MCFesp0woddAIKKQ\" data-type=\"URL\" data-id=\"https:\/\/www.familiehuisnunspeet.nl\/?gclid=CLGq4rHfs9MCFesp0woddAIKKQ\">website <\/a>dieses Parks gibt viele Informationen \u00fcber die Einrichtingen auf dem Gel\u00e4nde.  Die zwei Chalets sind \u00e4hnlich in Bezug auf Einteilung und Einrichtungen.<\/p>\n\n\n\n<p><strong>Das Chalet: &nbsp;&#8211; <\/strong>Das Sechspersonenschalet ist ger\u00e4umig und alle Annehmlichkeiten werde zur Verf\u00fcgung gestellt.<\/p>\n\n\n\n<p>&nbsp;&nbsp;&nbsp;&nbsp;&nbsp;&nbsp;&nbsp;&nbsp;&nbsp;&nbsp;&nbsp;&nbsp;&nbsp;&nbsp;&nbsp;&nbsp;&nbsp;&nbsp;&nbsp;&nbsp;&nbsp;&nbsp;&nbsp; &#8211; Die Schlafzimmer befinden sich an der Schattenseite des Chalets.<\/p>\n\n\n\n<p>&nbsp;&nbsp;&nbsp;&nbsp;&nbsp;&nbsp;&nbsp;&nbsp;&nbsp;&nbsp;&nbsp;&nbsp;&nbsp;&nbsp;&nbsp;&nbsp;&nbsp;&nbsp;&nbsp;&nbsp;&nbsp;&nbsp;&nbsp; &#8211; Hat ganz herum Insektenschutz.<\/p>\n\n\n\n<p>&nbsp;&nbsp;&nbsp;&nbsp;&nbsp;&nbsp;&nbsp;&nbsp;&nbsp;&nbsp;&nbsp;&nbsp;&nbsp;&nbsp;&nbsp;&nbsp;&nbsp;&nbsp;&nbsp;&nbsp;&nbsp;&nbsp;&nbsp; &#8211; Hat eine Bergung die auch f\u00fcr Sie zug\u00e4nglich ist.<\/p>\n\n\n\n<p>&nbsp;&nbsp;&nbsp;&nbsp;&nbsp;&nbsp;&nbsp;&nbsp;&nbsp;&nbsp;&nbsp;&nbsp;&nbsp;&nbsp;&nbsp;&nbsp;&nbsp;&nbsp;&nbsp;&nbsp;&nbsp;&nbsp;&nbsp; &#8211; Grenzt am Teich der mit einem Zaun abgeslossen ist.<\/p>\n\n\n\n<p>&nbsp;&nbsp;&nbsp;&nbsp;&nbsp;&nbsp;&nbsp;&nbsp;&nbsp;&nbsp;&nbsp;&nbsp;&nbsp;&nbsp;&nbsp;&nbsp;&nbsp;&nbsp;&nbsp;&nbsp;&nbsp;&nbsp;&nbsp; &#8211; Hat einen sch\u00f6nen Garten.<\/p>\n\n\n\n<p>&nbsp;&nbsp;&nbsp;&nbsp;&nbsp;&nbsp;&nbsp;&nbsp;&nbsp;&nbsp;&nbsp;&nbsp;&nbsp;&nbsp;&nbsp;&nbsp;&nbsp;&nbsp;&nbsp;&nbsp;&nbsp;&nbsp;&nbsp; &#8211; Hat ein Fischdeck im Garten.<\/p>\n\n\n\n<p>&nbsp;&nbsp;&nbsp;&nbsp;&nbsp;&nbsp;&nbsp;&nbsp;&nbsp;&nbsp;&nbsp;&nbsp;&nbsp;&nbsp;&nbsp;&nbsp;&nbsp;&nbsp;&nbsp;&nbsp;&nbsp;&nbsp;&nbsp; &#8211; Hat Parkingm\u00f6glichkeiten f\u00fcr ein (Chalet 84) oder zwei Autos (Chalet 71).<\/p>\n\n\n\n<p>&nbsp;&nbsp;&nbsp;&nbsp;&nbsp;&nbsp;&nbsp;&nbsp;&nbsp;&nbsp;&nbsp;&nbsp;&nbsp;&nbsp;&nbsp;&nbsp;&nbsp;&nbsp;&nbsp;&nbsp;&nbsp;&nbsp;&nbsp; &#8211; Hat eine Terrasse mit Sonnenschirm.<\/p>\n\n\n\n<p>&nbsp;&nbsp;&nbsp;&nbsp;&nbsp;&nbsp;&nbsp;&nbsp;&nbsp;&nbsp;&nbsp;&nbsp;&nbsp;&nbsp;&nbsp;&nbsp;&nbsp;&nbsp;&nbsp;&nbsp;&nbsp;&nbsp;&nbsp; &#8211; Hat WIFI.<\/p>\n\n\n\n<p><strong>Das Wohnzimmer: <\/strong><em>Das atmosph\u00e4rische Wohnzimmer hat:<\/em><\/p>\n\n\n\n<ul class=\"wp-block-list\">\n<li>Ein Sofa f\u00fcr 3 bis 4 Personen;<\/li>\n\n\n\n<li>Zwei Sessel;<\/li>\n\n\n\n<li>Esstisch miet sechs Sesseln;<\/li>\n\n\n\n<li>Aufbewahrungsschrank;<\/li>\n\n\n\n<li>Erker;<\/li>\n\n\n\n<li>Fl\u00fcgel-Gartent\u00fcre.<\/li>\n<\/ul>\n\n\n\n<p><strong>Die K\u00fcche: <\/strong><em>Die K\u00fcche hat:<\/em><\/p>\n\n\n\n<ul class=\"wp-block-list\">\n<li>ein komplettes Inventar;<\/li>\n\n\n\n<li>Geschirrsp\u00fcler;<\/li>\n\n\n\n<li>Combi-magnetron;<\/li>\n\n\n\n<li>Kocher auf gas;<\/li>\n\n\n\n<li>Ger\u00e4umige K\u00fchlschrank und Gefrierschrank miet drei L\u00e4den.<\/li>\n<\/ul>\n\n\n\n<p><strong>Badezimmer: <\/strong><em>Das ger\u00e4umige und praktische Badezimmer hat:<\/em><\/p>\n\n\n\n<ul class=\"wp-block-list\">\n<li>Ger\u00e4umige Douche mit thermostatventil;<\/li>\n\n\n\n<li>Toilette;<\/li>\n\n\n\n<li>Badezimmerm\u00f6bel mit zwei L\u00e4den und Spiegel;<\/li>\n\n\n\n<li>Gen\u00fcgend Federungssysteme f\u00fcr Handt\u00fcchter.&nbsp;<\/li>\n<\/ul>\n\n\n\n<p><strong>1<sup>e<\/sup>&nbsp; Schlafzimmer: <\/strong><em>Diese Schlafzimmer hat:<\/em><\/p>\n\n\n\n<ul class=\"wp-block-list\">\n<li>Zwei Boxspringmatratze mit Bettdecken;<\/li>\n\n\n\n<li>Grosser Kleiderschrank mit Regalen;<\/li>\n\n\n\n<li>Zwei Nachttischlampen und Kontaktdosen f\u00fcr Wecker usw.<\/li>\n<\/ul>\n\n\n\n<p><strong>2<sup>e<\/sup> <strong>Schlafzimmer<\/strong>: <\/strong><em><em>Diese Schlafzimmer hat<\/em>:<\/em><\/p>\n\n\n\n<ul class=\"wp-block-list\">\n<li>Zwei Boxspringbette mit Bettdecken;<\/li>\n\n\n\n<li>Schranke mit Regalen;<\/li>\n\n\n\n<li>Zwei Nachttischlampen und Kontaktdosen.<em>&nbsp;<\/em><\/li>\n<\/ul>\n\n\n\n<p><strong>3<sup>e<\/sup> <a href=\"Schlafzimmer: Diese Schlafzimmer hat\"><strong><strong>Schlafzimmer<\/strong><\/strong>:&nbsp; <\/a><\/strong><em><a href=\"Schlafzimmer: Diese Schlafzimmer hat\"><em><em>Diese Schlafzimmer hat<\/em><\/em><\/a>:<\/em><\/p>\n\n\n\n<ul class=\"wp-block-list\">\n<li>Etagenbett \u00fcberqueren;<\/li>\n\n\n\n<li>Stufen und abnehmbare Seitenst\u00fctze;<\/li>\n\n\n\n<li>Schranke mit Regalen.<\/li>\n\n\n\n<li>Nachttischlampen und Kontaktdosen.<em>&nbsp;<\/em><\/li>\n<\/ul>\n\n\n\n<p><\/p>\n\n\n\n<figure class=\"wp-block-gallery has-nested-images columns-default is-cropped wp-block-gallery-2 is-layout-flex wp-block-gallery-is-layout-flex\">\n<figure class=\"wp-block-image size-large\"><img loading=\"lazy\" decoding=\"async\" width=\"1024\" height=\"768\" data-id=\"170\" src=\"https:\/\/vakantiehuisnunspeet.eu\/wp-content\/uploads\/2023\/05\/20230505_193302-3-1024x768.jpg\" alt=\"\" class=\"wp-image-170\" srcset=\"https:\/\/vakantiehuisnunspeet.eu\/wp-content\/uploads\/2023\/05\/20230505_193302-3-1024x768.jpg 1024w, https:\/\/vakantiehuisnunspeet.eu\/wp-content\/uploads\/2023\/05\/20230505_193302-3-300x225.jpg 300w, https:\/\/vakantiehuisnunspeet.eu\/wp-content\/uploads\/2023\/05\/20230505_193302-3-768x576.jpg 768w, https:\/\/vakantiehuisnunspeet.eu\/wp-content\/uploads\/2023\/05\/20230505_193302-3-1536x1152.jpg 1536w, https:\/\/vakantiehuisnunspeet.eu\/wp-content\/uploads\/2023\/05\/20230505_193302-3.jpg 2000w\" sizes=\"auto, (max-width: 1024px) 100vw, 1024px\" \/><\/figure>\n<\/figure>\n\n\n\n<figure class=\"wp-block-gallery has-nested-images columns-default is-cropped wp-block-gallery-3 is-layout-flex wp-block-gallery-is-layout-flex\"><\/figure>\n\n\n\n<figure class=\"wp-block-gallery has-nested-images columns-default is-cropped wp-block-gallery-4 is-layout-flex wp-block-gallery-is-layout-flex\"><\/figure>\n\n\n\n<figure class=\"wp-block-gallery has-nested-images columns-default is-cropped wp-block-gallery-5 is-layout-flex wp-block-gallery-is-layout-flex\"><\/figure>\n","protected":false},"excerpt":{"rendered":"<p>Deutsche Text hierunter Onze chalets zijn onderdeel van het vakantiepark &#8216;Familiehuis Nunspeet&#8217;. De website van dit park geeft veel informatie over de faciliteiten op het terrein. De twee chalets zijn vergelijkbaar qua indeling en faciliteiten. Het chalet: \u00a0 \u00a0&#8211; De zes persoonschalet is ruim en van alle gemakken voorzien. &nbsp;&nbsp;&nbsp;&nbsp;&nbsp;&nbsp;&nbsp;&nbsp;&nbsp;&nbsp;&nbsp;&nbsp;&nbsp;&nbsp;&nbsp;&nbsp;&nbsp;&nbsp;&nbsp;&nbsp;&nbsp;&nbsp;&nbsp; &#8211; De slaapkamers bevinden zich&#8230;<\/p>\n<p class=\"more-link-wrap\"><a href=\"https:\/\/vakantiehuisnunspeet.eu\/index.php\/faciliteiten\/\" class=\"more-link\">Read More<span class=\"screen-reader-text\"> &ldquo;Faciliteiten\/Einrichtungen&rdquo;<\/span> &raquo;<\/a><\/p>\n","protected":false},"author":1,"featured_media":194,"parent":0,"menu_order":0,"comment_status":"closed","ping_status":"closed","template":"","meta":{"footnotes":""},"class_list":["post-10","page","type-page","status-publish","has-post-thumbnail","hentry"],"_links":{"self":[{"href":"https:\/\/vakantiehuisnunspeet.eu\/index.php\/wp-json\/wp\/v2\/pages\/10","targetHints":{"allow":["GET"]}}],"collection":[{"href":"https:\/\/vakantiehuisnunspeet.eu\/index.php\/wp-json\/wp\/v2\/pages"}],"about":[{"href":"https:\/\/vakantiehuisnunspeet.eu\/index.php\/wp-json\/wp\/v2\/types\/page"}],"author":[{"embeddable":true,"href":"https:\/\/vakantiehuisnunspeet.eu\/index.php\/wp-json\/wp\/v2\/users\/1"}],"replies":[{"embeddable":true,"href":"https:\/\/vakantiehuisnunspeet.eu\/index.php\/wp-json\/wp\/v2\/comments?post=10"}],"version-history":[{"count":21,"href":"https:\/\/vakantiehuisnunspeet.eu\/index.php\/wp-json\/wp\/v2\/pages\/10\/revisions"}],"predecessor-version":[{"id":317,"href":"https:\/\/vakantiehuisnunspeet.eu\/index.php\/wp-json\/wp\/v2\/pages\/10\/revisions\/317"}],"wp:featuredmedia":[{"embeddable":true,"href":"https:\/\/vakantiehuisnunspeet.eu\/index.php\/wp-json\/wp\/v2\/media\/194"}],"wp:attachment":[{"href":"https:\/\/vakantiehuisnunspeet.eu\/index.php\/wp-json\/wp\/v2\/media?parent=10"}],"curies":[{"name":"wp","href":"https:\/\/api.w.org\/{rel}","templated":true}]}}